{"id":10,"date":"2019-10-20T08:51:53","date_gmt":"2019-10-20T08:51:53","guid":{"rendered":"http:\/\/cranioline.ch\/?page_id=10"},"modified":"2025-11-27T13:33:32","modified_gmt":"2025-11-27T13:33:32","slug":"contact","status":"publish","type":"page","link":"https:\/\/cranioline.ch\/index.php\/contact\/","title":{"rendered":"Kontakt &#038; Termine"},"content":{"rendered":"\n<p class=\"has-text-align-left\"><strong><span style=\"color: #416e85;\"><em>Wenn Ihr Interesse geweckt ist, melden Sie sich bei:<\/em><\/span><\/strong><\/p>\n\n\n\n<p class=\"has-text-align-left\"><span style=\"color: #416e85;\">Caroline Breitenmoser &#8211; Vogel<\/span><br><span style=\"color: #416e85;\">B\u00fcrgli 803\/ Battenhusstrasse 803<\/span><br><span style=\"color: #416e85;\">9062 Lustm\u00fchle<\/span><br><span style=\"color: #416e85;\">071 380 09 27<\/span><br><span style=\"color: #416e85;\">078 687 36 78<\/span><br><span style=\"text-decoration: underline;\"><span style=\"color: #416e85; text-decoration: underline;\">info@cranioline.ch<\/span><\/span><\/p>\n\n\n\n<p><span style=\"color: #416e85;\"><i>Buchbar \u00fcber untenstehenden Kalender oder weitere Termine auch auf Anfrage m\u00f6glich<\/i><b><i>.&nbsp;<\/i><\/b><\/span><\/p>\n\n\n\n<p><span style=\"color: #416e85;\"><strong>Anreise:<\/strong><\/span><br><span style=\"color: #416e85;\">Navi: <a href=\"https:\/\/www.google.com\/maps\/place\/Battenhusstrasse+803,+9062+Lustm%C3%BChle\/@47.3972694,9.3532171,242m\/data=!3m1!1e3!4m13!1m7!3m6!1s0x479b1fe950e84663:0x21795823ddcb79b1!2sBattenhusstrasse+803,+9062+Lustm%C3%BChle!3b1!8m2!3d47.3972259!4d9.3529822!3m4!1s0x479b1fe950e84663:0x21795823ddcb79b1!8m2!3d47.3972259!4d9.3529822\">Battenhusstrasse 803<\/a>, gratis Parkpl\u00e4tze stehen vor der Praxis zur Verf\u00fcgung<\/span><br><span style=\"color: #416e85;\">Bahnhaltestelle Lustm\u00fchle in 10 min Gehdistanz<\/span><br><span style=\"color: #416e85;\">Postautohaltestelle Lustm\u00fchle Hauteten direkt vor der Praxis (Linie 180 von Herisau oder St. Gallen)<\/span><\/p>\n\n\n\n<div class=\"wp-block-booking-booking\"><\/div>\n\n\n\n<div class=\"wp-block-group\"><div class=\"wp-block-group__inner-container is-layout-flow wp-block-group-is-layout-flow\">\n<div class=\"wp-block-booking-booking\"> <div id=\"form_id1573145829522\" class=\"wpbc_container wpbc_form wpbc_container_booking_form \" ><form id=\"booking_form1\" class=\"booking_form vertical\" method=\"post\" action=\"\"><div id=\"ajax_respond_insert1\" class=\"ajax_respond_insert\" style=\"display:none;\"><\/div><a name=\"bklnk1\" id=\"bklnk1\"><\/a><div id=\"booking_form_div1\" class=\"booking_form_div\"><style type=\"text\/css\">.wpbc_container_booking_form .block_hints, .wpbc_booking_form_simple.wpbc_form_center .wpbc__form__div .wpbc__row.wpbc_r_calendar, .wpbc_booking_form_simple .wpbc__form__div .wpbc__row:not(.wpbc_r_calendar){max-width:100%;} <\/style>\n<div class=\"wpbc_booking_form_simple \">\n<div class=\"wpbc_wizard__border_container\">\n  <div class=\"wpbc_wizard_step wpbc__form__div wpbc_wizard_step1\">\n    <div class=\"wpbc__row\">\n        <div class=\"wpbc_aling_center wpbc__field\"> \n            <span class=\"wpbc_steps_for_timeline__steps_timeline5674\">\t<div class=\"wpbc_steps_for_timeline_container\">\r\n\t\t<div class=\"wpbc_steps_for_timeline\">\r\n\t\t<div class='wpbc_steps_for_timeline_step  wpbc_steps_for_timeline_step_active'>\t<svg viewBox=\"0 0 512 512\" xmlns=\"http:\/\/www.w3.org\/2000\/svg\" role=\"img\" class=\"icon icon-success\" data-icon=\"check\" data-prefix=\"fas\" focusable=\"false\" aria-hidden=\"true\" width=\"10\" height=\"10\">\r\n\t\t<path xmlns=\"http:\/\/www.w3.org\/2000\/svg\" fill=\"currentColor\" d=\"M173.898 439.404l-166.4-166.4c-9.997-9.997-9.997-26.206 0-36.204l36.203-36.204c9.997-9.998 26.207-9.998 36.204 0L192 312.69 432.095 72.596c9.997-9.997 26.207-9.997 36.204 0l36.203 36.204c9.997 9.997 9.997 26.206 0 36.204l-294.4 294.401c-9.998 9.997-26.207 9.997-36.204-.001z\"><\/path>\r\n\t<\/svg>\r\n\t<svg viewBox=\"0 0 352 512\" xmlns=\"http:\/\/www.w3.org\/2000\/svg\" role=\"img\" class=\"icon icon-failed\" data-icon=\"times\" data-prefix=\"fas\" focusable=\"false\" aria-hidden=\"true\" width=\"8\" height=\"11\">\r\n\t\t<path xmlns=\"http:\/\/www.w3.org\/2000\/svg\" fill=\"currentColor\" d=\"M242.72 256l100.07-100.07c12.28-12.28 12.28-32.19 0-44.48l-22.24-22.24c-12.28-12.28-32.19-12.28-44.48 0L176 189.28 75.93 89.21c-12.28-12.28-32.19-12.28-44.48 0L9.21 111.45c-12.28 12.28-12.28 32.19 0 44.48L109.28 256 9.21 356.07c-12.28 12.28-12.28 32.19 0 44.48l22.24 22.24c12.28 12.28 32.2 12.28 44.48 0L176 322.72l100.07 100.07c12.28 12.28 32.2 12.28 44.48 0l22.24-22.24c12.28-12.28 12.28-32.19 0-44.48L242.72 256z\"><\/path>\r\n\t<\/svg>\r\n\t<\/div><div class='wpbc_steps_for_timeline_step_line ' ><\/div ><div class='wpbc_steps_for_timeline_step '>\t<svg viewBox=\"0 0 512 512\" xmlns=\"http:\/\/www.w3.org\/2000\/svg\" role=\"img\" class=\"icon icon-success\" data-icon=\"check\" data-prefix=\"fas\" focusable=\"false\" aria-hidden=\"true\" width=\"10\" height=\"10\">\r\n\t\t<path xmlns=\"http:\/\/www.w3.org\/2000\/svg\" fill=\"currentColor\" d=\"M173.898 439.404l-166.4-166.4c-9.997-9.997-9.997-26.206 0-36.204l36.203-36.204c9.997-9.998 26.207-9.998 36.204 0L192 312.69 432.095 72.596c9.997-9.997 26.207-9.997 36.204 0l36.203 36.204c9.997 9.997 9.997 26.206 0 36.204l-294.4 294.401c-9.998 9.997-26.207 9.997-36.204-.001z\"><\/path>\r\n\t<\/svg>\r\n\t<svg viewBox=\"0 0 352 512\" xmlns=\"http:\/\/www.w3.org\/2000\/svg\" role=\"img\" class=\"icon icon-failed\" data-icon=\"times\" data-prefix=\"fas\" focusable=\"false\" aria-hidden=\"true\" width=\"8\" height=\"11\">\r\n\t\t<path xmlns=\"http:\/\/www.w3.org\/2000\/svg\" fill=\"currentColor\" d=\"M242.72 256l100.07-100.07c12.28-12.28 12.28-32.19 0-44.48l-22.24-22.24c-12.28-12.28-32.19-12.28-44.48 0L176 189.28 75.93 89.21c-12.28-12.28-32.19-12.28-44.48 0L9.21 111.45c-12.28 12.28-12.28 32.19 0 44.48L109.28 256 9.21 356.07c-12.28 12.28-12.28 32.19 0 44.48l22.24 22.24c12.28 12.28 32.2 12.28 44.48 0L176 322.72l100.07 100.07c12.28 12.28 32.2 12.28 44.48 0l22.24-22.24c12.28-12.28 12.28-32.19 0-44.48L242.72 256z\"><\/path>\r\n\t<\/svg>\r\n\t<\/div>\t\t<\/div>\r\n\t<\/div>\r\n\t<\/span>  \n        <\/div>\n    <\/div>\n    <div class=\"wpbc__row\">\n\t\t<div style=\"margin-top:0;\" class=\"wpbc__field\"> \n\t\t\t<div class=\"wpbc_r_calendar wpbc__row\">\n\t\t\t\t<div class=\"wpbc_r_calendar wpbc__field\"> <label>Termine*<\/label><br><div class=\"wpbc_calendar_wraper wpbc_change_over_triangle\"><div class=\"wpbc_cal_container bk_calendar_frame wpbc_no_custom_width  months_num_in_row_ cal_month_num_1\" style=\"\"><div id=\"calendar_booking1\"  class=\"wpbc_calendar_id_1\" >\t<div class=\"calendar_loader_frame calendar_loader_frame1\"\r\n\t\tdata-wpbc-rid=\"1\"\r\n\t\tdata-wpbc-grace=\"8000\"\r\n\t\tstyle=\"--wpbc-loader-cols: 1;\"\r\n\t>\r\n\t\t<div class=\"calendar_loader_text\">Loading...<\/div>\r\n\t\t<div class=\"calendar_loader_frame__progress_line_container\">\r\n\t\t\t<div class=\"calendar_loader_frame__progress_line\"><\/div>\r\n\t\t<\/div>\r\n\t<\/div>\r\n\t<\/div><\/div><div style=\"font-size:7px;text-align:left;margin:0 0 10px;text-shadow: none;\">Powered by <a href=\"https:\/\/wpbookingcalendar.com\" style=\"font-size:7px;\" target=\"_blank\" title=\"Booking Calendar plugin for WordPress\">Booking Calendar<\/a><\/div><textarea id=\"date_booking1\" name=\"date_booking1\" autocomplete=\"off\" style=\"display:none;\"><\/textarea><div class=\"block_hints datepick \"><div class=\"wpdev_hint_with_text\"><div class=\"\"><span class=\" wpbc_change_over_triangle\"><div class=\"datepick-inline wpbc_calendar_legend_table_width_height\"><table class=\"datepick wpbc_calendar\" style=\"\"><tbody><tr><td class=\"datepick-days-cell date_available date2approve timespartly times_clock wpbc_calendar_legend_day_cell_height\"><div class=\"wpbc-cell-box\">\t<div class=\"wpbc-diagonal-el\">\t\t<div class=\"wpbc-co-out\"><svg height=\"100%\" width=\"100%\" viewBox=\"0 0 100 100\" preserveAspectRatio=\"none\"><polygon points=\"0,0 0,99 99,0\"><\/polygon><polygon points=\"0,0 0,100 49,100 49,0\"><\/polygon><\/svg><\/div>\t\t<div class=\"wpbc-co-in\"><svg height=\"100%\" width=\"100%\" viewBox=\"0 0 98 98\" preserveAspectRatio=\"none\"><polygon points=\"0,99 99,99 99,0\"><\/polygon><polygon points=\"50,98 98,98 98,0 50,0\"><\/polygon><\/svg><\/div>\t<\/div>\t<div class=\"date-cell-content\">\t\t<div class=\"date-content-top\"><div class=\"wpbc_time_dots\">\u00b7<\/div><\/div>\t\t<a>&nbsp;<\/a>\t\t<div class=\"date-content-bottom\"><\/div>\t<\/div><\/div><\/td><\/tr><\/tbody><\/table><\/div><\/span><\/div><div class=\"block_text\">- <\/div><div class=\"block_text\">teilweise belegt<\/div><\/div><\/div><\/div> <\/div>\n\t\t\t<\/div>\n\t\t<\/div>\n\t\t\t<div style=\"margin-top:0;\" class=\"wpbc__field\"> \n\t\t\t<div class=\"wpbc__row\">\n\t\t\t\t<div class=\"wpbc_r_rangetime wpbc__field\"> <label>Zeitfenster*<\/label><br><span class=\"wpbc_wrap_select wpdev-form-control-wrap rangetime1\"><select onchange=\"javascript:if(typeof( wpbc_show_cost_hints_after_few_seconds )=='function'){wpbc_show_cost_hints_after_few_seconds(1);}\" name=\"rangetime1\" autocomplete=\"rangetime\" class=\"wpdev-validates-as-required\"><option value=\"08:15 - 09:15\">8.15 - 9.15 Uhr (nur Donnerstags)<\/option><option value=\"09:30 - 10:30\">9.30 - 10.30 Uhr (nur Donnerstags)<\/option><option value=\"10:45 - 11:45\">10.45  - 11.45 Uhr (nur Donnerstags)<\/option><option value=\"13:30 - 14:30\">13.30  -14.30 Uhr<\/option><option value=\"14:45 - 15:45\">14.45 - 15.45 Uhr<\/option><option value=\"16:00 - 17:00\">16.00 - 17.00 Uhr<\/option><option value=\"17:15 - 18:15\">17.15 - 18.15 Uhr (nur Mittwochs und Donnerstags)<\/option><\/select><\/span> <\/div>\n\t\t\t<\/div>\n\t\t<\/div>\n    <\/div>\n    <hr><div style=\"flex-flow: row nowrap;\" class=\"wpbc__row\">\n\t\t\t<div style=\"justify-content: flex-end;\" class=\"wpbc__field\">\n     \t\t<a class=\"wpbc_button_light wpbc_wizard_step_button wpbc_wizard_step_2\" >\n\t\t\t\tNext\n\t\t\t\t<\/a>\n\t\t\t<\/div>\n    <\/div>\n  <\/div>\n  <div class=\"wpbc_wizard_step wpbc__form__div wpbc_wizard_step2 wpbc_wizard_step_hidden\" style=\"display:none;clear:both;\">\n    <div class=\"wpbc__row\">\n\t\t<div class=\"wpbc_aling_center wpbc__field\"> \n\t\t\t\t<span class=\"wpbc_steps_for_timeline__steps_timeline6789\">\t<div class=\"wpbc_steps_for_timeline_container\">\r\n\t\t<div class=\"wpbc_steps_for_timeline\">\r\n\t\t<div class='wpbc_steps_for_timeline_step  wpbc_steps_for_timeline_step_completed'>\t<svg viewBox=\"0 0 512 512\" xmlns=\"http:\/\/www.w3.org\/2000\/svg\" role=\"img\" class=\"icon icon-success\" data-icon=\"check\" data-prefix=\"fas\" focusable=\"false\" aria-hidden=\"true\" width=\"10\" height=\"10\">\r\n\t\t<path xmlns=\"http:\/\/www.w3.org\/2000\/svg\" fill=\"currentColor\" d=\"M173.898 439.404l-166.4-166.4c-9.997-9.997-9.997-26.206 0-36.204l36.203-36.204c9.997-9.998 26.207-9.998 36.204 0L192 312.69 432.095 72.596c9.997-9.997 26.207-9.997 36.204 0l36.203 36.204c9.997 9.997 9.997 26.206 0 36.204l-294.4 294.401c-9.998 9.997-26.207 9.997-36.204-.001z\"><\/path>\r\n\t<\/svg>\r\n\t<svg viewBox=\"0 0 352 512\" xmlns=\"http:\/\/www.w3.org\/2000\/svg\" role=\"img\" class=\"icon icon-failed\" data-icon=\"times\" data-prefix=\"fas\" focusable=\"false\" aria-hidden=\"true\" width=\"8\" height=\"11\">\r\n\t\t<path xmlns=\"http:\/\/www.w3.org\/2000\/svg\" fill=\"currentColor\" d=\"M242.72 256l100.07-100.07c12.28-12.28 12.28-32.19 0-44.48l-22.24-22.24c-12.28-12.28-32.19-12.28-44.48 0L176 189.28 75.93 89.21c-12.28-12.28-32.19-12.28-44.48 0L9.21 111.45c-12.28 12.28-12.28 32.19 0 44.48L109.28 256 9.21 356.07c-12.28 12.28-12.28 32.19 0 44.48l22.24 22.24c12.28 12.28 32.2 12.28 44.48 0L176 322.72l100.07 100.07c12.28 12.28 32.2 12.28 44.48 0l22.24-22.24c12.28-12.28 12.28-32.19 0-44.48L242.72 256z\"><\/path>\r\n\t<\/svg>\r\n\t<\/div><div class='wpbc_steps_for_timeline_step_line wpbc_steps_for_timeline_line_active' ><\/div ><div class='wpbc_steps_for_timeline_step  wpbc_steps_for_timeline_step_active'>\t<svg viewBox=\"0 0 512 512\" xmlns=\"http:\/\/www.w3.org\/2000\/svg\" role=\"img\" class=\"icon icon-success\" data-icon=\"check\" data-prefix=\"fas\" focusable=\"false\" aria-hidden=\"true\" width=\"10\" height=\"10\">\r\n\t\t<path xmlns=\"http:\/\/www.w3.org\/2000\/svg\" fill=\"currentColor\" d=\"M173.898 439.404l-166.4-166.4c-9.997-9.997-9.997-26.206 0-36.204l36.203-36.204c9.997-9.998 26.207-9.998 36.204 0L192 312.69 432.095 72.596c9.997-9.997 26.207-9.997 36.204 0l36.203 36.204c9.997 9.997 9.997 26.206 0 36.204l-294.4 294.401c-9.998 9.997-26.207 9.997-36.204-.001z\"><\/path>\r\n\t<\/svg>\r\n\t<svg viewBox=\"0 0 352 512\" xmlns=\"http:\/\/www.w3.org\/2000\/svg\" role=\"img\" class=\"icon icon-failed\" data-icon=\"times\" data-prefix=\"fas\" focusable=\"false\" aria-hidden=\"true\" width=\"8\" height=\"11\">\r\n\t\t<path xmlns=\"http:\/\/www.w3.org\/2000\/svg\" fill=\"currentColor\" d=\"M242.72 256l100.07-100.07c12.28-12.28 12.28-32.19 0-44.48l-22.24-22.24c-12.28-12.28-32.19-12.28-44.48 0L176 189.28 75.93 89.21c-12.28-12.28-32.19-12.28-44.48 0L9.21 111.45c-12.28 12.28-12.28 32.19 0 44.48L109.28 256 9.21 356.07c-12.28 12.28-12.28 32.19 0 44.48l22.24 22.24c12.28 12.28 32.2 12.28 44.48 0L176 322.72l100.07 100.07c12.28 12.28 32.2 12.28 44.48 0l22.24-22.24c12.28-12.28 12.28-32.19 0-44.48L242.72 256z\"><\/path>\r\n\t<\/svg>\r\n\t<\/div>\t\t<\/div>\r\n\t<\/div>\r\n\t<\/span>  \n\t\t<\/div>\n    <\/div>\n<div class=\"wpbc__form__div\">\n\t\t\t<div class=\"wpbc__row\">\n\t\t\t\t<div class=\"wpbc_r_name wpbc__field\"> <label>Vorname*<\/label><br><span class=\"wpbc_wrap_text wpdev-form-control-wrap name1\"><input type=\"text\" name=\"name1\" value=\"\" autocomplete=\"name\" class=\"wpdev-validates-as-required\" size=\"40\" \/><\/span> <\/div>\n\n\t\t\t\t<div class=\"wpbc_r_secondname wpbc__field\"> <label>Nachname*<\/label><br><span class=\"wpbc_wrap_text wpdev-form-control-wrap secondname1\"><input type=\"text\" name=\"secondname1\" value=\"\" autocomplete=\"secondname\" class=\"wpdev-validates-as-required\" size=\"40\" \/><\/span> <\/div>\n\t\t\t<\/div>\n\t\t\t<div class=\"wpbc__row\">\n\t\t\t\t<div class=\"wpbc_r_email wpbc__field\"> <label>Email*<\/label><br><span class=\"wpbc_wrap_text wpdev-form-control-wrap email1\"><input type=\"email\" name=\"email1\" value=\"\" autocomplete=\"email\" class=\"wpdev-validates-as-email wpdev-validates-as-required\" size=\"40\" \/><\/span> <\/div>\n\n\t\t\t\t<div class=\"wpbc_r_phone wpbc__field\"> <label>Telefonnummer<\/label><br><span class=\"wpbc_wrap_text wpdev-form-control-wrap phone1\"><input type=\"text\" name=\"phone1\" value=\"\" autocomplete=\"phone\" size=\"40\" \/><\/span> <\/div>\n\t\t\t<\/div>\n\t\t\t<div class=\"wpbc__row\">\n\t\t\t\t<div class=\"wpbc_r_details wpbc__field\"> <label>Informationen<\/label><br><span class=\"wpbc_wrap_textarea wpdev-form-control-wrap details1\"><textarea name=\"details1\" autocomplete=\"details\"><\/textarea><\/span> <\/div>\n\t\t\t<\/div>\n<\/div>\n    <hr><div style=\"flex-flow: row nowrap;\" class=\"wpbc__row\">\n\t\t\t<div style=\"justify-content: flex-start;\" class=\"wpbc__field\">\n     \t\t<a class=\"wpbc_button_light wpbc_wizard_step_button wpbc_wizard_step_1\" >\n\t\t\t\tBack\n\t\t\t\t<\/a>\n\t\t\t<\/div>\n      <div style=\"justify-content: flex-end;\" class=\"wpbc__field\">\n<input type=\"button\" value=\"Senden\" class=\"wpbc_button_light  btn btn\" onclick=\"wpbc_booking_form_submit(this.form,1, 'de_CH_informal');\" \/>      <\/div>\n    <\/div>\n  <\/div>\n<\/div>\n<\/div><input id=\"bk_type1\" name=\"bk_type1\" class=\"\" type=\"hidden\" value=\"1\" \/><\/div><div id=\"submiting1\"><\/div><div class=\"form_bk_messages\" id=\"form_bk_messages1\" ><\/div><input type=\"hidden\" id=\"wpbc_nonceCALCULATE_THE_COST1\" name=\"wpbc_nonceCALCULATE_THE_COST1\" value=\"58f702a259\" \/><input type=\"hidden\" name=\"_wp_http_referer\" value=\"\/index.php\/wp-json\/wp\/v2\/pages\/10\" \/><\/form><\/div><div id=\"booking_form_garbage1\" class=\"booking_form_garbage\"><\/div> <\/div>\n<\/div><\/div>\n","protected":false},"excerpt":{"rendered":"<p>Wenn Ihr Interesse geweckt ist, melden Sie sich bei: Caroline Breitenmoser &#8211; VogelB\u00fcrgli 803\/ Battenhusstrasse 8039062 Lustm\u00fchle071 380 09 27078 687 36 78info@cranioline.ch Buchbar \u00fcber untenstehenden Kalender oder weitere Termine auch auf Anfrage m\u00f6glich.&nbsp; Anreise:Navi: Battenhusstrasse 803, gratis Parkpl\u00e4tze stehen vor der Praxis zur Verf\u00fcgungBahnhaltestelle Lustm\u00fchle in 10 min GehdistanzPostautohaltestelle Lustm\u00fchle Hauteten direkt vor der [&hellip;]<\/p>\n","protected":false},"author":1,"featured_media":1000,"parent":0,"menu_order":0,"comment_status":"closed","ping_status":"closed","template":"","meta":{"footnotes":""},"class_list":["post-10","page","type-page","status-publish","has-post-thumbnail","hentry"],"_links":{"self":[{"href":"https:\/\/cranioline.ch\/index.php\/wp-json\/wp\/v2\/pages\/10","targetHints":{"allow":["GET"]}}],"collection":[{"href":"https:\/\/cranioline.ch\/index.php\/wp-json\/wp\/v2\/pages"}],"about":[{"href":"https:\/\/cranioline.ch\/index.php\/wp-json\/wp\/v2\/types\/page"}],"author":[{"embeddable":true,"href":"https:\/\/cranioline.ch\/index.php\/wp-json\/wp\/v2\/users\/1"}],"replies":[{"embeddable":true,"href":"https:\/\/cranioline.ch\/index.php\/wp-json\/wp\/v2\/comments?post=10"}],"version-history":[{"count":45,"href":"https:\/\/cranioline.ch\/index.php\/wp-json\/wp\/v2\/pages\/10\/revisions"}],"predecessor-version":[{"id":1006,"href":"https:\/\/cranioline.ch\/index.php\/wp-json\/wp\/v2\/pages\/10\/revisions\/1006"}],"wp:featuredmedia":[{"embeddable":true,"href":"https:\/\/cranioline.ch\/index.php\/wp-json\/wp\/v2\/media\/1000"}],"wp:attachment":[{"href":"https:\/\/cranioline.ch\/index.php\/wp-json\/wp\/v2\/media?parent=10"}],"curies":[{"name":"wp","href":"https:\/\/api.w.org\/{rel}","templated":true}]}}