{"id":1022,"date":"2025-11-27T14:03:34","date_gmt":"2025-11-27T14:03:34","guid":{"rendered":"https:\/\/cranioline.ch\/?page_id=1022"},"modified":"2025-12-03T13:56:54","modified_gmt":"2025-12-03T13:56:54","slug":"rueckmeldung-der-klienten","status":"publish","type":"page","link":"https:\/\/cranioline.ch\/index.php\/rueckmeldung-der-klienten\/","title":{"rendered":"R\u00fcckmeldungen"},"content":{"rendered":"\n<p class=\"has-text-color\" style=\"color:#416e85\"><em>&#171;Meine Stirn f\u00fchlt sich viel freier an &#8211; auch zwischen den Augen. Der Kopfschmerz ist wie weggeblasen.&#187; K.S.<\/em><\/p>\n\n\n\n<p class=\"has-text-color\" style=\"color:#416e85\"><em>&#171;Habe beim Joggen mein linkes Knie gar nicht mehr schmerzhaft gesp\u00fcrt. Entweder hat sich da etwas beruhigt, oder ich habe neuen Schwung bekommen.&#187; S. G.<\/em><\/p>\n\n\n\n<p class=\"has-text-color\" style=\"color:#416e85\"><em>&#171;Die st\u00e4ndige Alarmbereitschaft hat sich gelegt, und ich konnte bereits vier Tage lang problemlos durchschlafen.&#187; J. S. <\/em><\/p>\n\n\n\n<p class=\"has-text-color\" style=\"color:#416e85\"><em>&#171;Endlich konnte mir jemand f\u00fcr meine Verdauungsprobleme eine Erkl\u00e4rung geben. Du verwendest gute Bilder zum Veranschaulichen.&#187; J. A.<\/em><\/p>\n\n\n\n<p class=\"has-text-color\" style=\"color:#416e85\"><em>&#171;Nach dem Beinbruch unserer Tochter ist sie auch nach vielen Wochen nur gekrochen. Nach deiner Behandlung heute hat sie im Wohnzimmer herumgetanzt.&#187; N.O.<\/em><\/p>\n\n\n\n<p class=\"has-text-color\" style=\"color:#416e85\"><em>&#171;Nach meiner Knie-Op kann ich nun wieder Fahrrad fahren und das Knie mehr biegen.&#187; L. K.<\/em><\/p>\n\n\n\n<p class=\"has-text-color\" style=\"color:#416e85\"><em>&#171;Mir ist bewusst geworden, wer und was mir gut tut und was nicht. Habe sogar ein neues Hobby gefunden und spiele nun ein Instrument.&#187; J. G.<\/em><\/p>\n\n\n\n<p class=\"has-text-color\" style=\"color:#416e85\"><em>&#171;Ich geniesse einfach die Momente der tiefen Stille bei dir und die inneren Bilder, die sich mir dann zeigen.&#187; M. Z.<\/em><br><br><em>&#171;Dank deiner Erfahrung, deinem Engagement und deiner Zeit hast du einen wesentlichen Beitrag auf meinem therapeutischen Weg geleistet.&#187;<\/em> A. I.<br><br><em>&#171;Danke f\u00fcr deine Unterst\u00fctzung auf meinem Weg zur HFP. Deine sehr herzliche Begleitung und deine Gl\u00fccksbringer haben zum Erreichen des positiven Resultates mitgeholfen.&#187; S. K.<\/em><\/p>\n\n\n\n<p><\/p>\n","protected":false},"excerpt":{"rendered":"<p>&#171;Meine Stirn f\u00fchlt sich viel freier an &#8211; auch zwischen den Augen. Der Kopfschmerz ist wie weggeblasen.&#187; K.S. &#171;Habe beim Joggen mein linkes Knie gar nicht mehr schmerzhaft gesp\u00fcrt. Entweder hat sich da etwas beruhigt, oder ich habe neuen Schwung bekommen.&#187; S. G. &#171;Die st\u00e4ndige Alarmbereitschaft hat sich gelegt, und ich konnte bereits vier Tage [&hellip;]<\/p>\n","protected":false},"author":1,"featured_media":0,"parent":0,"menu_order":0,"comment_status":"closed","ping_status":"closed","template":"","meta":{"footnotes":""},"class_list":["post-1022","page","type-page","status-publish","hentry"],"_links":{"self":[{"href":"https:\/\/cranioline.ch\/index.php\/wp-json\/wp\/v2\/pages\/1022","targetHints":{"allow":["GET"]}}],"collection":[{"href":"https:\/\/cranioline.ch\/index.php\/wp-json\/wp\/v2\/pages"}],"about":[{"href":"https:\/\/cranioline.ch\/index.php\/wp-json\/wp\/v2\/types\/page"}],"author":[{"embeddable":true,"href":"https:\/\/cranioline.ch\/index.php\/wp-json\/wp\/v2\/users\/1"}],"replies":[{"embeddable":true,"href":"https:\/\/cranioline.ch\/index.php\/wp-json\/wp\/v2\/comments?post=1022"}],"version-history":[{"count":5,"href":"https:\/\/cranioline.ch\/index.php\/wp-json\/wp\/v2\/pages\/1022\/revisions"}],"predecessor-version":[{"id":1039,"href":"https:\/\/cranioline.ch\/index.php\/wp-json\/wp\/v2\/pages\/1022\/revisions\/1039"}],"wp:attachment":[{"href":"https:\/\/cranioline.ch\/index.php\/wp-json\/wp\/v2\/media?parent=1022"}],"curies":[{"name":"wp","href":"https:\/\/api.w.org\/{rel}","templated":true}]}}