{"id":183,"date":"2019-11-08T19:13:18","date_gmt":"2019-11-08T19:13:18","guid":{"rendered":"http:\/\/cranioline.ch\/?page_id=183"},"modified":"2025-07-03T13:24:54","modified_gmt":"2025-07-03T13:24:54","slug":"kosten-2","status":"publish","type":"page","link":"https:\/\/cranioline.ch\/index.php\/kosten-2\/","title":{"rendered":"Kosten"},"content":{"rendered":"\n<p class=\"has-text-color\" style=\"color:#416e85\"><strong>Der Stundenansatz f\u00fcr Craniosacral-Therapie <\/strong><strong>liegt bei 132 Franken. Der Stundenansatz f\u00fcr Supervision liegt bei 144 Franken.<\/strong> <br>Terminvereinbarungen gelten als verbindlich. Bei Verhinderung diese bitte 24 h vor der Behandlung melden, sonst wir der Termin verrechnet.<\/p>\n\n\n\n<p class=\"has-text-color\" style=\"color:#416e85\">Die Kosten f\u00fcr die Craniosacral Therapie werden gr\u00f6sstenteils von den Schweizer Krankenkassen \u00fcber die Zusatzversicherung f\u00fcr Alternativmethoden abgedeckt. Bitte kl\u00e4ren Sie vor Beginn der Therapie mit Ihrer pers\u00f6nlichen Versicherung, ob Ihre Versicherungsdeckung ausreicht und die Krankenkasse die entstehenden Kosten tragen wird. Beachten Sie dabei den anfallenden Selbstbehalt. Leistungen aus Unf\u00e4llen werden zum Teil von der Unfallversicherung getragen. Dazu bitte eine Kostengutsprache einholen.<\/p>\n\n\n\n<p class=\"has-text-color\" style=\"color:#416e85\"><strong>Anerkennungen:  <\/strong><br>EMR,  VISANA, EGK, Mitgliedschaft Craniosuisse <\/p>\n\n\n<div class=\"wp-block-image\">\n<figure class=\"alignright is-resized\"><img loading=\"lazy\" decoding=\"async\" width=\"1024\" height=\"595\" src=\"https:\/\/cranioline.ch\/wp-content\/uploads\/2020\/04\/emr-2-1024x595.png\" alt=\"\" class=\"wp-image-318\" style=\"width:256px;height:149px\" srcset=\"https:\/\/cranioline.ch\/wp-content\/uploads\/2020\/04\/emr-2-1024x595.png 1024w, https:\/\/cranioline.ch\/wp-content\/uploads\/2020\/04\/emr-2-300x174.png 300w, https:\/\/cranioline.ch\/wp-content\/uploads\/2020\/04\/emr-2-768x446.png 768w, https:\/\/cranioline.ch\/wp-content\/uploads\/2020\/04\/emr-2.png 1158w\" sizes=\"auto, (max-width: 1024px) 100vw, 1024px\" \/><\/figure>\n<\/div>\n\n<div class=\"wp-block-image\">\n<figure class=\"alignleft is-resized\"><img loading=\"lazy\" decoding=\"async\" width=\"1011\" height=\"689\" src=\"https:\/\/cranioline.ch\/wp-content\/uploads\/2020\/03\/cranio_siegel_cmyk-1.jpg\" alt=\"\" class=\"wp-image-297\" style=\"width:207px;height:141px\" srcset=\"https:\/\/cranioline.ch\/wp-content\/uploads\/2020\/03\/cranio_siegel_cmyk-1.jpg 1011w, https:\/\/cranioline.ch\/wp-content\/uploads\/2020\/03\/cranio_siegel_cmyk-1-300x204.jpg 300w, https:\/\/cranioline.ch\/wp-content\/uploads\/2020\/03\/cranio_siegel_cmyk-1-768x523.jpg 768w\" sizes=\"auto, (max-width: 1011px) 100vw, 1011px\" \/><\/figure>\n<\/div>\n\n\n<figure class=\"wp-block-image size-large is-resized\"><img loading=\"lazy\" decoding=\"async\" width=\"1024\" height=\"1024\" src=\"https:\/\/cranioline.ch\/wp-content\/uploads\/2023\/01\/OdA_KT_Label_DE_Diplom-002-1024x1024.jpg\" alt=\"\" class=\"wp-image-598\" style=\"width:150px;height:150px\" srcset=\"https:\/\/cranioline.ch\/wp-content\/uploads\/2023\/01\/OdA_KT_Label_DE_Diplom-002-1024x1024.jpg 1024w, https:\/\/cranioline.ch\/wp-content\/uploads\/2023\/01\/OdA_KT_Label_DE_Diplom-002-300x300.jpg 300w, https:\/\/cranioline.ch\/wp-content\/uploads\/2023\/01\/OdA_KT_Label_DE_Diplom-002-150x150.jpg 150w, https:\/\/cranioline.ch\/wp-content\/uploads\/2023\/01\/OdA_KT_Label_DE_Diplom-002-768x768.jpg 768w, https:\/\/cranioline.ch\/wp-content\/uploads\/2023\/01\/OdA_KT_Label_DE_Diplom-002-1536x1536.jpg 1536w, https:\/\/cranioline.ch\/wp-content\/uploads\/2023\/01\/OdA_KT_Label_DE_Diplom-002-2048x2048.jpg 2048w, https:\/\/cranioline.ch\/wp-content\/uploads\/2023\/01\/OdA_KT_Label_DE_Diplom-002-100x100.jpg 100w\" sizes=\"auto, (max-width: 1024px) 100vw, 1024px\" \/><\/figure>\n","protected":false},"excerpt":{"rendered":"<p>Der Stundenansatz f\u00fcr Craniosacral-Therapie liegt bei 132 Franken. Der Stundenansatz f\u00fcr Supervision liegt bei 144 Franken. Terminvereinbarungen gelten als verbindlich. Bei Verhinderung diese bitte 24 h vor der Behandlung melden, sonst wir der Termin verrechnet. Die Kosten f\u00fcr die Craniosacral Therapie werden gr\u00f6sstenteils von den Schweizer Krankenkassen \u00fcber die Zusatzversicherung f\u00fcr Alternativmethoden abgedeckt. Bitte kl\u00e4ren [&hellip;]<\/p>\n","protected":false},"author":1,"featured_media":753,"parent":0,"menu_order":0,"comment_status":"closed","ping_status":"closed","template":"","meta":{"footnotes":""},"class_list":["post-183","page","type-page","status-publish","has-post-thumbnail","hentry"],"_links":{"self":[{"href":"https:\/\/cranioline.ch\/index.php\/wp-json\/wp\/v2\/pages\/183","targetHints":{"allow":["GET"]}}],"collection":[{"href":"https:\/\/cranioline.ch\/index.php\/wp-json\/wp\/v2\/pages"}],"about":[{"href":"https:\/\/cranioline.ch\/index.php\/wp-json\/wp\/v2\/types\/page"}],"author":[{"embeddable":true,"href":"https:\/\/cranioline.ch\/index.php\/wp-json\/wp\/v2\/users\/1"}],"replies":[{"embeddable":true,"href":"https:\/\/cranioline.ch\/index.php\/wp-json\/wp\/v2\/comments?post=183"}],"version-history":[{"count":20,"href":"https:\/\/cranioline.ch\/index.php\/wp-json\/wp\/v2\/pages\/183\/revisions"}],"predecessor-version":[{"id":870,"href":"https:\/\/cranioline.ch\/index.php\/wp-json\/wp\/v2\/pages\/183\/revisions\/870"}],"wp:featuredmedia":[{"embeddable":true,"href":"https:\/\/cranioline.ch\/index.php\/wp-json\/wp\/v2\/media\/753"}],"wp:attachment":[{"href":"https:\/\/cranioline.ch\/index.php\/wp-json\/wp\/v2\/media?parent=183"}],"curies":[{"name":"wp","href":"https:\/\/api.w.org\/{rel}","templated":true}]}}