{"id":286,"date":"2020-03-30T13:13:30","date_gmt":"2020-03-30T13:13:30","guid":{"rendered":"http:\/\/cranioline.ch\/?page_id=286"},"modified":"2025-11-27T14:24:10","modified_gmt":"2025-11-27T14:24:10","slug":"sitzungsverlauf","status":"publish","type":"page","link":"https:\/\/cranioline.ch\/index.php\/sitzungsverlauf\/","title":{"rendered":"Behandlung &amp; Indikationen"},"content":{"rendered":"\n<div class=\"wp-block-group alignfull\"><div class=\"wp-block-group__inner-container is-layout-constrained wp-block-group-is-layout-constrained\">\n<div class=\"wp-block-group alignfull\"><div class=\"wp-block-group__inner-container is-layout-constrained wp-block-group-is-layout-constrained\">\n<div class=\"wp-block-cover alignfull is-light\" style=\"margin-top:0;min-height:40vw;aspect-ratio:unset;\"><img loading=\"lazy\" decoding=\"async\" width=\"849\" height=\"1024\" class=\"wp-block-cover__image-background wp-image-792 size-large\" alt=\"\" src=\"https:\/\/cranioline.ch\/wp-content\/uploads\/2024\/01\/Scan_0001-Kopie-849x1024.jpg\" data-object-fit=\"cover\" srcset=\"https:\/\/cranioline.ch\/wp-content\/uploads\/2024\/01\/Scan_0001-Kopie-849x1024.jpg 849w, https:\/\/cranioline.ch\/wp-content\/uploads\/2024\/01\/Scan_0001-Kopie-249x300.jpg 249w, https:\/\/cranioline.ch\/wp-content\/uploads\/2024\/01\/Scan_0001-Kopie-768x927.jpg 768w, https:\/\/cranioline.ch\/wp-content\/uploads\/2024\/01\/Scan_0001-Kopie-1273x1536.jpg 1273w, https:\/\/cranioline.ch\/wp-content\/uploads\/2024\/01\/Scan_0001-Kopie.jpg 1366w\" sizes=\"auto, (max-width: 849px) 100vw, 849px\" \/><span aria-hidden=\"true\" class=\"wp-block-cover__background has-black-background-color has-background-dim-0 has-background-dim\"><\/span><div class=\"wp-block-cover__inner-container is-layout-flow wp-block-cover-is-layout-flow\">\n<div style=\"height:50px\" aria-hidden=\"true\" class=\"wp-block-spacer\"><\/div>\n<\/div><\/div>\n<\/div><\/div>\n<\/div><\/div>\n\n\n\n<p class=\"has-text-color\" style=\"color:#416e85\"><strong>Diese sanfte Therapieform ist geeignet f\u00fcr Menschen jeden Alters.<\/strong><br><br>Wir beginnen mit einem Gespr\u00e4ch, kl\u00e4ren gemeinsam Anliegen, W\u00fcnsche und Ziele. Fragen werden beantwortet. Nach einer ausf\u00fchrlichen, ganzheitlichen Befunderhebung starten wir die Arbeit auf der Liege. Die Behandlung erfolgt vollst\u00e4ndig angezogen. Mit achtsamen Ber\u00fchrungen ersp\u00fcre ich Blockaden und f\u00fchre mit sanften Impulsen zur Selbstregulation und Selbstregeneration. Dabei ist die dauerhafte St\u00e4rkung der Ressourcen vordergr\u00fcndig. Die Behandlung kann sowohl in Stille als auch im Gespr\u00e4ch erfolgen. Im Anschluss werden gemachte Erfahrungen ausgetauscht, Fortschritte gepr\u00fcft und der weitere Verlauf angesprochen. Die Anzahl der Sitzungen wird fortlaufend auf den individuellen Heilungsprozess angepasst.<\/p>\n\n\n\n<p class=\"has-text-color\" style=\"color:#416e85\"><strong>Als Therapeutin unterliege ich der Schweigepflicht.<\/strong><\/p>\n\n\n\n<p class=\"has-text-color has-link-color wp-elements-3bd819b6dd5ce27608cd2486e1ac0f24\" style=\"color:#416e85\"><strong>F\u00fcr Erwachsene:<\/strong><br>* allgemeine St\u00e4rkung der Ressourcen und des Organismus<br>* Gesundheitsvorsorge<br>* Energiefluss, Nervenimpulse st\u00e4rken und f\u00f6rdern<br>* bei Schmerzen (Kopf, R\u00fccken, Verspannungen,&#8230;<br>* Faszienarbeit<br>* Gelenks-, Kieferprobleme, Tinnitus, Verdauungsprobleme<br>* unterst\u00fctzend und regenerierend nach Unf\u00e4llen, Operationen, <br>   Krankheit und Schleudertrauma<br>* physische und seelische Unterst\u00fctzung bei Schlafproblemen, <br>   Stresssymptomen, Traumata<\/p>\n\n\n\n<p class=\"has-text-color has-link-color wp-elements-3634bb6f04fa9745f1ef6983054e5a6e\" style=\"color:#416e85\"><strong>F\u00fcr Kinder und Jugendliche:<\/strong><br>* Allgemeine St\u00e4rkung der Ressourcen und des Organismus<br>* Gesundheitsvorsorge<br>* Energiefluss, Nervenimpulse st\u00e4rken und f\u00f6rdern<br>* bei Schmerzen (Kopf, R\u00fccken, Verspannungen,&#8230;<br>* unterst\u00fctzend bei Kiefer &#8211; und Zahnbehandlungen<br>* regenerierend nach Unf\u00e4llen, Operationen, Krankheit<br>* Hilfestellungen bei Schlafproblemen, Stresssymptomen, <br>   belastenden Lebenssituationen<br>* bei Verhaltensauff\u00e4lligkeiten, Hyperaktivit\u00e4t, <br>   Konzentrationsproblemen, Nervosit\u00e4t<\/p>\n\n\n\n<p class=\"has-text-color has-link-color wp-elements-42edb4c1fdb651502341286f839dcdc5\" style=\"color:#416e85\"><strong>F\u00fcr Babys und Kleinkinder<\/strong><br>* unterst\u00fctzend vor und nach der Geburt f\u00fcr Eltern und Kind<br>* Bearbeitung verschiedenster Geburtsinterventionen wie PDA, <br>   Saugglocke, Kaiserschnitt, Zangengeburt<br>* allgemeine St\u00e4rkung des Organismus<br>* Sch\u00e4delassymetrien, Schiefhals<br>* bei Unruhe, andauerndem Weinen, Bauchkr\u00e4mpfen, Verdauungs- <br>   und Schlafproblemen<br>* regenerierend nach Unf\u00e4llen, Schleudertrauma, Operationen, <br>   Krankheit<\/p>\n\n\n\n<p><strong>Bei akuten Problemen hilft ein Telefonat, ob Cranio die geeignete Unterst\u00fctzung bietet oder eine andere Begleitung empfohlen wird. Beim Erstgespr\u00e4ch werden allf\u00e4llige Kontraindikationen besprochen und falls n\u00f6tig von einer Behandlung mit Cranio abgesehen.<\/strong><\/p>\n\n\n\n<p><\/p>\n","protected":false},"excerpt":{"rendered":"<p>Diese sanfte Therapieform ist geeignet f\u00fcr Menschen jeden Alters. Wir beginnen mit einem Gespr\u00e4ch, kl\u00e4ren gemeinsam Anliegen, W\u00fcnsche und Ziele. Fragen werden beantwortet. Nach einer ausf\u00fchrlichen, ganzheitlichen Befunderhebung starten wir die Arbeit auf der Liege. Die Behandlung erfolgt vollst\u00e4ndig angezogen. Mit achtsamen Ber\u00fchrungen ersp\u00fcre ich Blockaden und f\u00fchre mit sanften Impulsen zur Selbstregulation und Selbstregeneration. [&hellip;]<\/p>\n","protected":false},"author":1,"featured_media":0,"parent":0,"menu_order":0,"comment_status":"closed","ping_status":"closed","template":"","meta":{"footnotes":""},"class_list":["post-286","page","type-page","status-publish","hentry"],"_links":{"self":[{"href":"https:\/\/cranioline.ch\/index.php\/wp-json\/wp\/v2\/pages\/286","targetHints":{"allow":["GET"]}}],"collection":[{"href":"https:\/\/cranioline.ch\/index.php\/wp-json\/wp\/v2\/pages"}],"about":[{"href":"https:\/\/cranioline.ch\/index.php\/wp-json\/wp\/v2\/types\/page"}],"author":[{"embeddable":true,"href":"https:\/\/cranioline.ch\/index.php\/wp-json\/wp\/v2\/users\/1"}],"replies":[{"embeddable":true,"href":"https:\/\/cranioline.ch\/index.php\/wp-json\/wp\/v2\/comments?post=286"}],"version-history":[{"count":18,"href":"https:\/\/cranioline.ch\/index.php\/wp-json\/wp\/v2\/pages\/286\/revisions"}],"predecessor-version":[{"id":1029,"href":"https:\/\/cranioline.ch\/index.php\/wp-json\/wp\/v2\/pages\/286\/revisions\/1029"}],"wp:attachment":[{"href":"https:\/\/cranioline.ch\/index.php\/wp-json\/wp\/v2\/media?parent=286"}],"curies":[{"name":"wp","href":"https:\/\/api.w.org\/{rel}","templated":true}]}}