{"id":34,"date":"2019-11-07T11:54:49","date_gmt":"2019-11-07T11:54:49","guid":{"rendered":"http:\/\/cranioline.ch\/?page_id=34"},"modified":"2026-02-20T09:43:39","modified_gmt":"2026-02-20T09:43:39","slug":"methode","status":"publish","type":"page","link":"https:\/\/cranioline.ch\/","title":{"rendered":"Methode"},"content":{"rendered":"\n<div class=\"wp-block-group alignfull\"><div class=\"wp-block-group__inner-container is-layout-constrained wp-block-group-is-layout-constrained\">\n<figure class=\"wp-block-image alignfull wp-duotone-unset-1\"><img loading=\"lazy\" decoding=\"async\" width=\"1024\" height=\"980\" src=\"https:\/\/cranioline.ch\/wp-content\/uploads\/2025\/11\/Spiralhaende-gross-1-1024x980.jpg\" alt=\"\" class=\"wp-image-982\" srcset=\"https:\/\/cranioline.ch\/wp-content\/uploads\/2025\/11\/Spiralhaende-gross-1-1024x980.jpg 1024w, https:\/\/cranioline.ch\/wp-content\/uploads\/2025\/11\/Spiralhaende-gross-1-300x287.jpg 300w, https:\/\/cranioline.ch\/wp-content\/uploads\/2025\/11\/Spiralhaende-gross-1-768x735.jpg 768w, https:\/\/cranioline.ch\/wp-content\/uploads\/2025\/11\/Spiralhaende-gross-1-1200x1149.jpg 1200w, https:\/\/cranioline.ch\/wp-content\/uploads\/2025\/11\/Spiralhaende-gross-1.jpg 1387w\" sizes=\"auto, (max-width: 1024px) 100vw, 1024px\" \/><\/figure>\n<\/div><\/div>\n\n\n\n<p class=\"has-text-color\" style=\"color:#416e85\"><strong><em>In der Craniosacral Therapie ersp\u00fcren wir gemeinsam m\u00f6gliche Blockaden und schauen hinter die Symptome. Wir orientieren uns hin zur Gesundheit und den im Moment zur Verf\u00fcgung stehenden Kraftquellen.<\/em><\/strong> <strong><em>Achtsam lauschend unterst\u00fctze ich als Cranio Therapeutin Ihr System und schaffe ein sicheres Feld.<\/em><\/strong> <strong><em>Cranio ist wohltuend und st\u00e4rkend f\u00fcr Menschen jeden Alters.<\/em><\/strong><\/p>\n\n\n\n<p class=\"has-text-color\" style=\"color:#416e85\">Durch subtile Ber\u00fchrungen werden in dieser Methode der Komplement\u00e4rtherapie die feinen Bewegungen von Knochen, Membranen und Fl\u00fcssigkeiten wahrgenommen. Sie werden in Einklang mit der innewohnenden Heilkraft und Ordnung gebracht. Das ganzheitliche Energiesystem des menschlichen Organismus wird achtsam, neutral und wertfrei mit einbezogen. Mit Hilfe meines\u00a0anatomischen Wissens und feinster Wahrnehmung ersp\u00fcre ich Blockaden. Sorgf\u00e4ltige craniosacrale therapeutische Impulse begleiten den K\u00f6rper auf seinem Weg zu den Ressourcen und der innewohnenden Gesundheit.<\/p>\n\n\n\n<p class=\"has-text-color\" style=\"color:#416e85\">Die Craniosacral Therapie versteht sich als eine Methode der Komplement\u00e4rtherapie erg\u00e4nzend und partnerschaftlich zu anderen Berufen, welche die F\u00f6rderung der Genesung und der Gesundheit zum Ziel haben. Diese sanfte Therapieform ist f\u00fcr Menschen jeden Alters geeignet. Im biodynamischen Modell der Craniosacral Therapie geht es um die F\u00e4higkeit des tiefen Zuh\u00f6rens, um den Heilungsprozess bei St\u00f6rungen,\u00a0 alten K\u00f6rpermustern und Traumatisierungen zu unterst\u00fctzen. Das k\u00f6rperliche und seelische Wohlbefinden und der Umgang mit Beeintr\u00e4chtigungen der Gesundheit k\u00f6nnen verbessert werden.<\/p>\n\n\n\n<figure class=\"wp-block-image size-large is-resized\"><img loading=\"lazy\" decoding=\"async\" width=\"1024\" height=\"682\" src=\"https:\/\/cranioline.ch\/wp-content\/uploads\/2020\/02\/Rumli-2-1024x682.jpg\" alt=\"\" class=\"wp-image-265\" style=\"width:906px;height:auto\" srcset=\"https:\/\/cranioline.ch\/wp-content\/uploads\/2020\/02\/Rumli-2-1024x682.jpg 1024w, https:\/\/cranioline.ch\/wp-content\/uploads\/2020\/02\/Rumli-2-300x200.jpg 300w, https:\/\/cranioline.ch\/wp-content\/uploads\/2020\/02\/Rumli-2-768x512.jpg 768w, https:\/\/cranioline.ch\/wp-content\/uploads\/2020\/02\/Rumli-2.jpg 1732w\" sizes=\"auto, (max-width: 1024px) 100vw, 1024px\" \/><\/figure>\n\n\n\n<p><\/p>\n\n\n\n<p><\/p>\n\n\n\n<p><\/p>\n","protected":false},"excerpt":{"rendered":"<p>In der Craniosacral Therapie ersp\u00fcren wir gemeinsam m\u00f6gliche Blockaden und schauen hinter die Symptome. Wir orientieren uns hin zur Gesundheit und den im Moment zur Verf\u00fcgung stehenden Kraftquellen. Achtsam lauschend unterst\u00fctze ich als Cranio Therapeutin Ihr System und schaffe ein sicheres Feld. Cranio ist wohltuend und st\u00e4rkend f\u00fcr Menschen jeden Alters. Durch subtile Ber\u00fchrungen werden [&hellip;]<\/p>\n","protected":false},"author":1,"featured_media":0,"parent":0,"menu_order":0,"comment_status":"closed","ping_status":"closed","template":"","meta":{"footnotes":""},"class_list":["post-34","page","type-page","status-publish","hentry"],"_links":{"self":[{"href":"https:\/\/cranioline.ch\/index.php\/wp-json\/wp\/v2\/pages\/34","targetHints":{"allow":["GET"]}}],"collection":[{"href":"https:\/\/cranioline.ch\/index.php\/wp-json\/wp\/v2\/pages"}],"about":[{"href":"https:\/\/cranioline.ch\/index.php\/wp-json\/wp\/v2\/types\/page"}],"author":[{"embeddable":true,"href":"https:\/\/cranioline.ch\/index.php\/wp-json\/wp\/v2\/users\/1"}],"replies":[{"embeddable":true,"href":"https:\/\/cranioline.ch\/index.php\/wp-json\/wp\/v2\/comments?post=34"}],"version-history":[{"count":84,"href":"https:\/\/cranioline.ch\/index.php\/wp-json\/wp\/v2\/pages\/34\/revisions"}],"predecessor-version":[{"id":1049,"href":"https:\/\/cranioline.ch\/index.php\/wp-json\/wp\/v2\/pages\/34\/revisions\/1049"}],"wp:attachment":[{"href":"https:\/\/cranioline.ch\/index.php\/wp-json\/wp\/v2\/media?parent=34"}],"curies":[{"name":"wp","href":"https:\/\/api.w.org\/{rel}","templated":true}]}}