{"id":478,"date":"2021-09-15T14:25:02","date_gmt":"2021-09-15T14:25:02","guid":{"rendered":"https:\/\/cranioline.ch\/?page_id=478"},"modified":"2025-11-27T14:01:11","modified_gmt":"2025-11-27T14:01:11","slug":"pilates-auf-der-matte-und-flying-pilates","status":"publish","type":"page","link":"https:\/\/cranioline.ch\/index.php\/pilates-auf-der-matte-und-flying-pilates\/","title":{"rendered":"Pilates"},"content":{"rendered":"\n<p class=\"has-text-color\" style=\"color:#416e85\">Die Pilates &#8211; Methode ist ein behutsames \u00dcbungssystem, welches Kraft, Beweglichkeit, Koordination und zugleich Konzentration in unterschiedlichen Schwierigkeitsgraden f\u00f6rdert. Eine abwechslungsreiche Bewegungslektion aus dem Pilates angereichert mit t\u00e4nzerischen Elementen, Kraftaufbau f\u00fcr den Alltag und Entspannung erwartet Sie.<\/p>\n\n\n\n<p class=\"has-text-color\" style=\"color:#416e85\"><strong>Kursdaten:<\/strong><br>Mattentraining: Donnerstag: 19.30 &#8211; 20.45 Uhr<br>Freitag: 8.15 &#8211; 9.15 Uhr<br><br><strong>Durchf\u00fchrungsort und Anmeldung f\u00fcr eine Probelektion:<\/strong><br>Caroline Breitenmoser<br>B\u00fcrgli 803<br>9062 Lustm\u00fchle (bei Teufen, nahe St. Gallen)<br>071 380 09 27<br>078 687 36 78<br>info@cranioline.ch<\/p>\n\n\n\n<p class=\"has-text-color\" style=\"color:#416e85\"><strong>Kurskosten:<\/strong><br>150 bis 180 Franken f\u00fcr 10 Trainingseinheiten<\/p>\n","protected":false},"excerpt":{"rendered":"<p>Die Pilates &#8211; Methode ist ein behutsames \u00dcbungssystem, welches Kraft, Beweglichkeit, Koordination und zugleich Konzentration in unterschiedlichen Schwierigkeitsgraden f\u00f6rdert. Eine abwechslungsreiche Bewegungslektion aus dem Pilates angereichert mit t\u00e4nzerischen Elementen, Kraftaufbau f\u00fcr den Alltag und Entspannung erwartet Sie. Kursdaten:Mattentraining: Donnerstag: 19.30 &#8211; 20.45 UhrFreitag: 8.15 &#8211; 9.15 Uhr Durchf\u00fchrungsort und Anmeldung f\u00fcr eine Probelektion:Caroline BreitenmoserB\u00fcrgli 8039062 [&hellip;]<\/p>\n","protected":false},"author":1,"featured_media":493,"parent":0,"menu_order":0,"comment_status":"closed","ping_status":"closed","template":"","meta":{"footnotes":""},"class_list":["post-478","page","type-page","status-publish","has-post-thumbnail","hentry"],"_links":{"self":[{"href":"https:\/\/cranioline.ch\/index.php\/wp-json\/wp\/v2\/pages\/478","targetHints":{"allow":["GET"]}}],"collection":[{"href":"https:\/\/cranioline.ch\/index.php\/wp-json\/wp\/v2\/pages"}],"about":[{"href":"https:\/\/cranioline.ch\/index.php\/wp-json\/wp\/v2\/types\/page"}],"author":[{"embeddable":true,"href":"https:\/\/cranioline.ch\/index.php\/wp-json\/wp\/v2\/users\/1"}],"replies":[{"embeddable":true,"href":"https:\/\/cranioline.ch\/index.php\/wp-json\/wp\/v2\/comments?post=478"}],"version-history":[{"count":19,"href":"https:\/\/cranioline.ch\/index.php\/wp-json\/wp\/v2\/pages\/478\/revisions"}],"predecessor-version":[{"id":1021,"href":"https:\/\/cranioline.ch\/index.php\/wp-json\/wp\/v2\/pages\/478\/revisions\/1021"}],"wp:featuredmedia":[{"embeddable":true,"href":"https:\/\/cranioline.ch\/index.php\/wp-json\/wp\/v2\/media\/493"}],"wp:attachment":[{"href":"https:\/\/cranioline.ch\/index.php\/wp-json\/wp\/v2\/media?parent=478"}],"curies":[{"name":"wp","href":"https:\/\/api.w.org\/{rel}","templated":true}]}}